{"id":18117,"date":"2020-04-08T14:57:54","date_gmt":"2020-04-08T18:57:54","guid":{"rendered":"https:\/\/sendnetworkespanol.com\/plantacion-de-iglesias\/el-camino-del-plantador-de-iglesias\/"},"modified":"2022-10-03T07:55:34","modified_gmt":"2022-10-03T11:55:34","slug":"el-camino-del-plantador-de-iglesias","status":"publish","type":"page","link":"https:\/\/sendnetworkespanol.com\/en\/plantacion-de-iglesias\/el-camino-del-plantador-de-iglesias\/","title":{"rendered":"El camino del plantador de iglesias"},"content":{"rendered":"\n\n\t<h1>El camino del plantador de iglesias<\/h1>\n<p>Aunque cada plantaci\u00f3n de iglesias es \u00fanica, hay pasos fundamentales en el camino. Desde la clarificaci\u00f3n de tu llamada, hasta el desarrollo de una estrategia contextual, y manteniendo una conexi\u00f3n para estimularte y apoyarte, estamos aqu\u00ed para caminar contigo.<\/p>\n\t<p>Como primer paso, registre su inter\u00e9s en la plantaci\u00f3n de iglesias.<\/p>\n\n\n        <a href=\"#assessment\">\n            <img decoding=\"async\" src=\"https:\/\/sendnetworkespanol.com\/wp-content\/uploads\/2020\/04\/assessment.png\"\/>\n            <p>Evaluacion<\/p>\n        <\/a>\n        <a href=\"#orientation\">\n            <img decoding=\"async\" src=\"https:\/\/sendnetworkespanol.com\/wp-content\/uploads\/2020\/04\/orientation.png\"\/>\n            <p>Orientaci\u00f3n<\/p>\n        <\/a>\n        <a href=\"#training\">\n            <img decoding=\"async\" src=\"https:\/\/sendnetworkespanol.com\/wp-content\/uploads\/2020\/04\/training.png\"\/>\n            <p>Formaci\u00f3n<\/p>\n        <\/a>\n        <a href=\"#coaching\">\n            <img decoding=\"async\" src=\"https:\/\/sendnetworkespanol.com\/wp-content\/uploads\/2020\/04\/coaching.png\"\/>\n            <p>Entrenamiento<\/p>\n        <\/a>\n        <a href=\"#care\">\n            <img decoding=\"async\" src=\"https:\/\/sendnetworkespanol.com\/wp-content\/uploads\/2020\/04\/care.png\"\/>\n            <p>Atenci\u00f3n<\/p>\n        <\/a>\n        <h3>\n Evaluaci\u00f3n\n        <\/h3>\n    \n Una vez recibida su solicitud, recibir\u00e1 un enlace a varias encuestas de evaluaci\u00f3n en l\u00ednea que miden su preparaci\u00f3n en tres categor\u00edas: capacidad para plantar iglesias, car\u00e1cter personal y matrimonio (si procede). Una vez revisado, recibir\u00e1 una invitaci\u00f3n para asistir a un retiro de evaluaci\u00f3n o para participar en el Church Planter Pipeline, que es un proceso de desarrollo de 1 a 3 a\u00f1os construido en torno a competencias espec\u00edficas de plantaci\u00f3n de iglesias.\n    \n\t\t\t\t<img loading=\"lazy\" decoding=\"async\" src=\"https:\/\/sendnetworkespanol.com\/wp-content\/uploads\/2020\/04\/assessment.png\" alt=\"evaluaci\u00f3n\" itemprop=\"image\" height=\"512\" width=\"512\" title=\"evaluaci\u00f3n\" onerror=\"this.style.display='none'\"  \/>\n\t\t\t\t<img loading=\"lazy\" decoding=\"async\" src=\"https:\/\/sendnetworkespanol.com\/wp-content\/uploads\/2022\/10\/23-evalucaoin-1.jpg\" alt=\"Evangelism, Leadership\" itemprop=\"image\" height=\"857\" width=\"1200\" title=\"WYO Tour, Dallas\" onerror=\"this.style.display='none'\"  \/>\n\t\t\t\t<img loading=\"lazy\" decoding=\"async\" src=\"https:\/\/sendnetworkespanol.com\/wp-content\/uploads\/2020\/04\/orientation.png\" alt=\"orientaci\u00f3n\" itemprop=\"image\" height=\"512\" width=\"512\" title=\"orientaci\u00f3n\" onerror=\"this.style.display='none'\"  \/>\n\t\t\t\t<img loading=\"lazy\" decoding=\"async\" src=\"https:\/\/sendnetworkespanol.com\/wp-content\/uploads\/2020\/04\/orientation-feature.jpg\" alt=\"orientaci\u00f3n-caracter\u00edstica\" itemprop=\"image\" height=\"700\" width=\"1000\" title=\"orientaci\u00f3n-caracter\u00edstica\" onerror=\"this.style.display='none'\"  \/>\n        <h3>\n Orientaci\u00f3n\n        <\/h3>\n    \n\tRecibir\u00e1s formaci\u00f3n para convertirte en un mejor l\u00edder y te ense\u00f1aremos todo lo que sabemos acerca de como plantar y dirigir una iglesia \n        <h3>\n Formaci\u00f3n\n        <\/h3>\n    \nNo hay una talla \u00fanica para todos cuando se trata de plantar iglesias. Su contexto informa y determina su enfoque. La formaci\u00f3n contextualizada le ayuda a prepararse para tener \u00e9xito tanto si planta en un campus universitario, como si replanta una congregaci\u00f3n antigua o establece una plantacion mientras mantiene otra carrera en la comunidad.\n\t\t\t\t<img loading=\"lazy\" decoding=\"async\" src=\"https:\/\/sendnetworkespanol.com\/wp-content\/uploads\/2020\/04\/training.png\" alt=\"formaci\u00f3n\" itemprop=\"image\" height=\"512\" width=\"512\" title=\"formaci\u00f3n\" onerror=\"this.style.display='none'\"  \/>\n\t\t\t\t<img loading=\"lazy\" decoding=\"async\" src=\"https:\/\/sendnetworkespanol.com\/wp-content\/uploads\/2022\/10\/28-formacion.jpg\" alt=\"Luis Soto - Annie Armstong - Salt Lake City AAEO WOP 2019\" itemprop=\"image\" height=\"857\" width=\"1200\" title=\"Luis &amp;amp; Beatrice Soto\" onerror=\"this.style.display='none'\"  \/>\n\t\t\t\t<img loading=\"lazy\" decoding=\"async\" src=\"https:\/\/sendnetworkespanol.com\/wp-content\/uploads\/2020\/04\/coaching.png\" alt=\"coaching\" itemprop=\"image\" height=\"512\" width=\"512\" title=\"coaching\" onerror=\"this.style.display='none'\"  \/>\n\t\t\t\t<img loading=\"lazy\" decoding=\"async\" src=\"https:\/\/sendnetworkespanol.com\/wp-content\/uploads\/2020\/04\/coaching-feature.jpg\" alt=\"coaching-feature\" itemprop=\"image\" height=\"700\" width=\"1000\" title=\"coaching-feature\" onerror=\"this.style.display='none'\"  \/>\n        <h3>\n Coaching\n        <\/h3>\n   \nLos grandes entrenadores ayudan a los plantadores de iglesias a convertir la verdad en acci\u00f3n. Los mentores, los maestros, los formadores, la familia y los amigos tienen voces influyentes en el proceso de plantaci\u00f3n de iglesias, y el plantador de iglesias las escucha todas. En los dos primeros a\u00f1os de la plantaci\u00f3n de una iglesia, un entrenador ayuda a un plantador de iglesias a perseguir su asignaci\u00f3n del reino, proporcionando una voz &#8220;que pide&#8221; en el mar de voces &#8220;que dicen&#8221;.\n\n        <h3>\n Atenci\u00f3n\n        <\/h3>\n   \nLas iglesias sanas son plantadas por parejas sanas que plantan iglesias. Para las parejas que plantan con Send Network, hay un equipo detr\u00e1s de ti. Estamos aqu\u00ed para animarles en el duro trabajo de plantar iglesias. Es una vocaci\u00f3n dif\u00edcil, y deseamos animar a las parejas a lo largo del camino mostrando constantemente nuestro aprecio por ustedes y su trabajo. A trav\u00e9s de eventos, recursos, regalos y la creaci\u00f3n de una comunidad con otras parejas que plantan en su \u00e1rea, usted sabr\u00e1 que no est\u00e1 solo.\n\t\t\t\t<img loading=\"lazy\" decoding=\"async\" src=\"https:\/\/sendnetworkespanol.com\/wp-content\/uploads\/2020\/04\/care.png\" alt=\"atenci\u00f3n\" itemprop=\"image\" height=\"512\" width=\"512\" title=\"atenci\u00f3n\" onerror=\"this.style.display='none'\"  \/>\n\t\t\t\t<img loading=\"lazy\" decoding=\"async\" src=\"https:\/\/sendnetworkespanol.com\/wp-content\/uploads\/2022\/10\/21-Atencio\u0301n.jpg\" alt=\"AAEO WOP 2020,\" itemprop=\"image\" height=\"857\" width=\"1200\" title=\"JD Fasolino\" onerror=\"this.style.display='none'\"  \/>\n<h1>Planta con Nosotros<\/h1>\n<h2>\u00danete a la familia de Send Network para plantar iglesias en todas partes para todos.<\/h2>\n\n\n\n","protected":false},"excerpt":{"rendered":"<p>El camino del plantador de iglesias Aunque cada plantaci\u00f3n de iglesias es \u00fanica, hay pasos fundamentales &hellip;<\/p>\n<p class=\"read-more\"> <a class=\"\" href=\"https:\/\/sendnetworkespanol.com\/en\/plantacion-de-iglesias\/el-camino-del-plantador-de-iglesias\/\"> <span class=\"screen-reader-text\">El camino del plantador de iglesias<\/span> Read More &raquo;<\/a><\/p>\n","protected":false},"author":1,"featured_media":0,"parent":18107,"menu_order":0,"comment_status":"closed","ping_status":"closed","template":"","meta":{"content-type":"","_oasis_is_in_workflow":0,"_oasis_original":0,"site-sidebar-layout":"no-sidebar","site-content-layout":"page-builder","ast-site-content-layout":"full-width-container","site-content-style":"unboxed","site-sidebar-style":"unboxed","ast-global-header-display":"","ast-banner-title-visibility":"","ast-main-header-display":"","ast-hfb-above-header-display":"","ast-hfb-below-header-display":"","ast-hfb-mobile-header-display":"","site-post-title":"disabled","ast-breadcrumbs-content":"","ast-featured-img":"disabled","footer-sml-layout":"","theme-transparent-header-meta":"enabled","adv-header-id-meta":"","stick-header-meta":"","header-above-stick-meta":"","header-main-stick-meta":"","header-below-stick-meta":"","astra-migrate-meta-layouts":"","ast-page-background-enabled":"default","ast-page-background-meta":{"desktop":{"background-color":"","background-image":"","background-repeat":"repeat","background-position":"center center","background-size":"auto","background-attachment":"scroll","background-type":"","background-media":"","overlay-type":"","overlay-color":"","overlay-gradient":""},"tablet":{"background-color":"","background-image":"","background-repeat":"repeat","background-position":"center center","background-size":"auto","background-attachment":"scroll","background-type":"","background-media":"","overlay-type":"","overlay-color":"","overlay-gradient":""},"mobile":{"background-color":"","background-image":"","background-repeat":"repeat","background-position":"center center","background-size":"auto","background-attachment":"scroll","background-type":"","background-media":"","overlay-type":"","overlay-color":"","overlay-gradient":""}},"ast-content-background-meta":{"desktop":{"background-color":"var(--ast-global-color-5)","background-image":"","background-repeat":"repeat","background-position":"center center","background-size":"auto","background-attachment":"scroll","background-type":"","background-media":"","overlay-type":"","overlay-color":"","overlay-gradient":""},"tablet":{"background-color":"var(--ast-global-color-5)","background-image":"","background-repeat":"repeat","background-position":"center center","background-size":"auto","background-attachment":"scroll","background-type":"","background-media":"","overlay-type":"","overlay-color":"","overlay-gradient":""},"mobile":{"background-color":"var(--ast-global-color-5)","background-image":"","background-repeat":"repeat","background-position":"center center","background-size":"auto","background-attachment":"scroll","background-type":"","background-media":"","overlay-type":"","overlay-color":"","overlay-gradient":""}},"footnotes":""},"class_list":["post-18117","page","type-page","status-publish","hentry"],"acf":[],"yoast_head":"<!-- This site is optimized with the Yoast SEO Premium plugin v24.0 (Yoast SEO v27.2) - https:\/\/yoast.com\/product\/yoast-seo-premium-wordpress\/ -->\n<title>El camino del plantador de iglesias - Send Network<\/title>\n<meta name=\"robots\" content=\"index, follow, max-snippet:-1, max-image-preview:large, max-video-preview:-1\" \/>\n<link rel=\"canonical\" href=\"https:\/\/sendnetworkespanol.com\/en\/plantacion-de-iglesias\/el-camino-del-plantador-de-iglesias\/\" \/>\n<meta property=\"og:locale\" content=\"en_US\" \/>\n<meta property=\"og:type\" content=\"article\" \/>\n<meta property=\"og:title\" content=\"El camino del plantador de iglesias\" \/>\n<meta property=\"og:description\" content=\"El camino del plantador de iglesias Aunque cada plantaci\u00f3n de iglesias es \u00fanica, hay pasos fundamentales &hellip; El camino del plantador de iglesias Read More &raquo;\" \/>\n<meta property=\"og:url\" content=\"https:\/\/sendnetworkespanol.com\/en\/plantacion-de-iglesias\/el-camino-del-plantador-de-iglesias\/\" \/>\n<meta property=\"og:site_name\" content=\"Send Network\" \/>\n<meta property=\"article:publisher\" content=\"https:\/\/www.facebook.com\/SendNetwork\/\" \/>\n<meta property=\"article:modified_time\" content=\"2022-10-03T11:55:34+00:00\" \/>\n<meta property=\"og:image\" content=\"https:\/\/sendnetworkespanol.com\/wp-content\/uploads\/2020\/04\/assessment.png\" \/>\n<meta name=\"twitter:card\" content=\"summary_large_image\" \/>\n<meta name=\"twitter:site\" content=\"@sendnetwork\" \/>\n<meta name=\"twitter:label1\" content=\"Est. reading time\" \/>\n\t<meta name=\"twitter:data1\" content=\"2 minutes\" \/>\n<script type=\"application\/ld+json\" class=\"yoast-schema-graph\">{\"@context\":\"https:\/\/schema.org\",\"@graph\":[{\"@type\":\"WebPage\",\"@id\":\"https:\/\/sendnetworkespanol.com\/en\/plantacion-de-iglesias\/el-camino-del-plantador-de-iglesias\/\",\"url\":\"https:\/\/sendnetworkespanol.com\/en\/plantacion-de-iglesias\/el-camino-del-plantador-de-iglesias\/\",\"name\":\"El camino del plantador de iglesias - Send Network\",\"isPartOf\":{\"@id\":\"https:\/\/sendnetworkespanol.com\/#website\"},\"primaryImageOfPage\":{\"@id\":\"https:\/\/sendnetworkespanol.com\/en\/plantacion-de-iglesias\/el-camino-del-plantador-de-iglesias\/#primaryimage\"},\"image\":{\"@id\":\"https:\/\/sendnetworkespanol.com\/en\/plantacion-de-iglesias\/el-camino-del-plantador-de-iglesias\/#primaryimage\"},\"thumbnailUrl\":\"https:\/\/sendnetworkespanol.com\/wp-content\/uploads\/2020\/04\/assessment.png\",\"datePublished\":\"2020-04-08T18:57:54+00:00\",\"dateModified\":\"2022-10-03T11:55:34+00:00\",\"breadcrumb\":{\"@id\":\"https:\/\/sendnetworkespanol.com\/en\/plantacion-de-iglesias\/el-camino-del-plantador-de-iglesias\/#breadcrumb\"},\"inLanguage\":\"en-US\",\"potentialAction\":[{\"@type\":\"ReadAction\",\"target\":[\"https:\/\/sendnetworkespanol.com\/en\/plantacion-de-iglesias\/el-camino-del-plantador-de-iglesias\/\"]}]},{\"@type\":\"ImageObject\",\"inLanguage\":\"en-US\",\"@id\":\"https:\/\/sendnetworkespanol.com\/en\/plantacion-de-iglesias\/el-camino-del-plantador-de-iglesias\/#primaryimage\",\"url\":\"https:\/\/sendnetworkespanol.com\/wp-content\/uploads\/2020\/04\/assessment.png\",\"contentUrl\":\"https:\/\/sendnetworkespanol.com\/wp-content\/uploads\/2020\/04\/assessment.png\"},{\"@type\":\"BreadcrumbList\",\"@id\":\"https:\/\/sendnetworkespanol.com\/en\/plantacion-de-iglesias\/el-camino-del-plantador-de-iglesias\/#breadcrumb\",\"itemListElement\":[{\"@type\":\"ListItem\",\"position\":1,\"name\":\"Home\",\"item\":\"https:\/\/sendnetworkespanol.com\/en\/\"},{\"@type\":\"ListItem\",\"position\":2,\"name\":\"Plantaci\u00f3n de iglesias\",\"item\":\"https:\/\/sendnetworkespanol.com\/en\/es\/plantacion-de-iglesias\/\"},{\"@type\":\"ListItem\",\"position\":3,\"name\":\"El camino del plantador de iglesias\"}]},{\"@type\":\"WebSite\",\"@id\":\"https:\/\/sendnetworkespanol.com\/#website\",\"url\":\"https:\/\/sendnetworkespanol.com\/\",\"name\":\"Send Network\",\"description\":\"Church Planting Network\",\"publisher\":{\"@id\":\"https:\/\/sendnetworkespanol.com\/#organization\"},\"potentialAction\":[{\"@type\":\"SearchAction\",\"target\":{\"@type\":\"EntryPoint\",\"urlTemplate\":\"https:\/\/sendnetworkespanol.com\/?s={search_term_string}\"},\"query-input\":{\"@type\":\"PropertyValueSpecification\",\"valueRequired\":true,\"valueName\":\"search_term_string\"}}],\"inLanguage\":\"en-US\"},{\"@type\":\"Organization\",\"@id\":\"https:\/\/sendnetworkespanol.com\/#organization\",\"name\":\"Send Network\",\"url\":\"https:\/\/sendnetworkespanol.com\/\",\"logo\":{\"@type\":\"ImageObject\",\"inLanguage\":\"en-US\",\"@id\":\"https:\/\/sendnetworkespanol.com\/#\/schema\/logo\/image\/\",\"url\":\"https:\/\/sendnetworkespanol.com\/wp-content\/uploads\/2016\/07\/SN-Logo_Linear_Brandmark-Solid_BlueNavy_RGB.png\",\"contentUrl\":\"https:\/\/sendnetworkespanol.com\/wp-content\/uploads\/2016\/07\/SN-Logo_Linear_Brandmark-Solid_BlueNavy_RGB.png\",\"width\":2560,\"height\":393,\"caption\":\"Send Network\"},\"image\":{\"@id\":\"https:\/\/sendnetworkespanol.com\/#\/schema\/logo\/image\/\"},\"sameAs\":[\"https:\/\/www.facebook.com\/SendNetwork\/\",\"https:\/\/x.com\/sendnetwork\",\"https:\/\/www.instagram.com\/wearesendnetwork\"]}]}<\/script>\n<!-- \/ Yoast SEO Premium plugin. -->","yoast_head_json":{"title":"El camino del plantador de iglesias - Send Network","robots":{"index":"index","follow":"follow","max-snippet":"max-snippet:-1","max-image-preview":"max-image-preview:large","max-video-preview":"max-video-preview:-1"},"canonical":"https:\/\/sendnetworkespanol.com\/en\/plantacion-de-iglesias\/el-camino-del-plantador-de-iglesias\/","og_locale":"en_US","og_type":"article","og_title":"El camino del plantador de iglesias","og_description":"El camino del plantador de iglesias Aunque cada plantaci\u00f3n de iglesias es \u00fanica, hay pasos fundamentales &hellip; El camino del plantador de iglesias Read More &raquo;","og_url":"https:\/\/sendnetworkespanol.com\/en\/plantacion-de-iglesias\/el-camino-del-plantador-de-iglesias\/","og_site_name":"Send Network","article_publisher":"https:\/\/www.facebook.com\/SendNetwork\/","article_modified_time":"2022-10-03T11:55:34+00:00","og_image":[{"url":"https:\/\/sendnetworkespanol.com\/wp-content\/uploads\/2020\/04\/assessment.png","type":"","width":"","height":""}],"twitter_card":"summary_large_image","twitter_site":"@sendnetwork","twitter_misc":{"Est. reading time":"2 minutes"},"schema":{"@context":"https:\/\/schema.org","@graph":[{"@type":"WebPage","@id":"https:\/\/sendnetworkespanol.com\/en\/plantacion-de-iglesias\/el-camino-del-plantador-de-iglesias\/","url":"https:\/\/sendnetworkespanol.com\/en\/plantacion-de-iglesias\/el-camino-del-plantador-de-iglesias\/","name":"El camino del plantador de iglesias - Send Network","isPartOf":{"@id":"https:\/\/sendnetworkespanol.com\/#website"},"primaryImageOfPage":{"@id":"https:\/\/sendnetworkespanol.com\/en\/plantacion-de-iglesias\/el-camino-del-plantador-de-iglesias\/#primaryimage"},"image":{"@id":"https:\/\/sendnetworkespanol.com\/en\/plantacion-de-iglesias\/el-camino-del-plantador-de-iglesias\/#primaryimage"},"thumbnailUrl":"https:\/\/sendnetworkespanol.com\/wp-content\/uploads\/2020\/04\/assessment.png","datePublished":"2020-04-08T18:57:54+00:00","dateModified":"2022-10-03T11:55:34+00:00","breadcrumb":{"@id":"https:\/\/sendnetworkespanol.com\/en\/plantacion-de-iglesias\/el-camino-del-plantador-de-iglesias\/#breadcrumb"},"inLanguage":"en-US","potentialAction":[{"@type":"ReadAction","target":["https:\/\/sendnetworkespanol.com\/en\/plantacion-de-iglesias\/el-camino-del-plantador-de-iglesias\/"]}]},{"@type":"ImageObject","inLanguage":"en-US","@id":"https:\/\/sendnetworkespanol.com\/en\/plantacion-de-iglesias\/el-camino-del-plantador-de-iglesias\/#primaryimage","url":"https:\/\/sendnetworkespanol.com\/wp-content\/uploads\/2020\/04\/assessment.png","contentUrl":"https:\/\/sendnetworkespanol.com\/wp-content\/uploads\/2020\/04\/assessment.png"},{"@type":"BreadcrumbList","@id":"https:\/\/sendnetworkespanol.com\/en\/plantacion-de-iglesias\/el-camino-del-plantador-de-iglesias\/#breadcrumb","itemListElement":[{"@type":"ListItem","position":1,"name":"Home","item":"https:\/\/sendnetworkespanol.com\/en\/"},{"@type":"ListItem","position":2,"name":"Plantaci\u00f3n de iglesias","item":"https:\/\/sendnetworkespanol.com\/en\/es\/plantacion-de-iglesias\/"},{"@type":"ListItem","position":3,"name":"El camino del plantador de iglesias"}]},{"@type":"WebSite","@id":"https:\/\/sendnetworkespanol.com\/#website","url":"https:\/\/sendnetworkespanol.com\/","name":"Send Network","description":"Church Planting Network","publisher":{"@id":"https:\/\/sendnetworkespanol.com\/#organization"},"potentialAction":[{"@type":"SearchAction","target":{"@type":"EntryPoint","urlTemplate":"https:\/\/sendnetworkespanol.com\/?s={search_term_string}"},"query-input":{"@type":"PropertyValueSpecification","valueRequired":true,"valueName":"search_term_string"}}],"inLanguage":"en-US"},{"@type":"Organization","@id":"https:\/\/sendnetworkespanol.com\/#organization","name":"Send Network","url":"https:\/\/sendnetworkespanol.com\/","logo":{"@type":"ImageObject","inLanguage":"en-US","@id":"https:\/\/sendnetworkespanol.com\/#\/schema\/logo\/image\/","url":"https:\/\/sendnetworkespanol.com\/wp-content\/uploads\/2016\/07\/SN-Logo_Linear_Brandmark-Solid_BlueNavy_RGB.png","contentUrl":"https:\/\/sendnetworkespanol.com\/wp-content\/uploads\/2016\/07\/SN-Logo_Linear_Brandmark-Solid_BlueNavy_RGB.png","width":2560,"height":393,"caption":"Send Network"},"image":{"@id":"https:\/\/sendnetworkespanol.com\/#\/schema\/logo\/image\/"},"sameAs":["https:\/\/www.facebook.com\/SendNetwork\/","https:\/\/x.com\/sendnetwork","https:\/\/www.instagram.com\/wearesendnetwork"]}]}},"publishpress_future_action":{"enabled":false,"date":"2026-05-08 14:51:24","action":"change-status","newStatus":"draft","terms":[],"taxonomy":"translation_priority","extraData":[]},"publishpress_future_workflow_manual_trigger":{"enabledWorkflows":[]},"_links":{"self":[{"href":"https:\/\/sendnetworkespanol.com\/en\/wp-json\/wp\/v2\/pages\/18117","targetHints":{"allow":["GET"]}}],"collection":[{"href":"https:\/\/sendnetworkespanol.com\/en\/wp-json\/wp\/v2\/pages"}],"about":[{"href":"https:\/\/sendnetworkespanol.com\/en\/wp-json\/wp\/v2\/types\/page"}],"author":[{"embeddable":true,"href":"https:\/\/sendnetworkespanol.com\/en\/wp-json\/wp\/v2\/users\/1"}],"replies":[{"embeddable":true,"href":"https:\/\/sendnetworkespanol.com\/en\/wp-json\/wp\/v2\/comments?post=18117"}],"version-history":[{"count":0,"href":"https:\/\/sendnetworkespanol.com\/en\/wp-json\/wp\/v2\/pages\/18117\/revisions"}],"up":[{"embeddable":true,"href":"https:\/\/sendnetworkespanol.com\/en\/wp-json\/wp\/v2\/pages\/18107"}],"wp:attachment":[{"href":"https:\/\/sendnetworkespanol.com\/en\/wp-json\/wp\/v2\/media?parent=18117"}],"curies":[{"name":"wp","href":"https:\/\/api.w.org\/{rel}","templated":true}]}}