{"id":18142,"date":"2021-06-08T16:19:19","date_gmt":"2021-06-08T20:19:19","guid":{"rendered":"https:\/\/sendnetworkespanol.com\/movilizar-a-mi-iglesia\/"},"modified":"2022-10-03T11:01:55","modified_gmt":"2022-10-03T15:01:55","slug":"movilizar-a-mi-iglesia","status":"publish","type":"page","link":"https:\/\/sendnetworkespanol.com\/en\/movilizar-a-mi-iglesia\/","title":{"rendered":"Movilizar a mi Iglesia"},"content":{"rendered":"\n\n\t<h1>Movilizar a mi Iglesia<\/h1>\n<p>Los plantadores de iglesias necesitan que varias iglesias trabajen juntas para ayudarles a tener \u00e9xito. Estamos aqu\u00ed para ayudar a las iglesias como la suya a asociarse para plantar iglesias sanas y multiplicadoras.<\/p>\n    <a href=\"#pray\">Ora<\/a>\n    <a href=\"#participate\">Participe en<\/a>\n    <a href=\"#plant\">Planta<\/a>\n    <a href=\"#multiply\">Multiplicar<\/a>\n\t<aside id=\"local-subnav\">\n   <a href=\"#pray\">\n       1\n        <h3>Ora<\/h3>\n        <p>Ora por un plantador<\/p>\n    <\/a> \n    <a href=\"#participate\">\n       2\n        <h3>Participe<\/h3>\n        <p>En satisfacer las necesidades de una plantacion<\/p>\n    <\/a> \n    <a href=\"#plant\">\n       3\n        <h3>Planta<\/h3>\n        <p>Env\u00ede un plantador de iglesias<\/p>\n    <\/a> \n    <a href=\"#multiply\">\n       4\n        <h3>Multiplicar<\/h3>\n        <p>Forme l\u00edderes misioneros<\/p>\n    <\/a> \n<\/aside>\n\t<h1>Ora<\/h1>\n<p>Lidere a su iglesia a orar por un plantador de iglesias y su equipo.<\/p>\nSi queremos que Dios se mueva en Norteam\u00e9rica, debemos orar. Con\u00e9ctese con un plantador y comience a guiar a su iglesia a orar para que Dios trabaje en y a trav\u00e9s de los plantadores de iglesias en la primera l\u00ednea de los perdidos.\n\n\t\t\t\t\t<img decoding=\"async\" src=\"https:\/\/i.vimeocdn.com\/video\/1200811046-4c650f5697958ac9a0eaa168bc7923ba7b5bcfe354a4bc3a0ef7ad8c23844004-d_840\"\/>\n\t<h1>Participe en<\/h1>\n<p>Proveer a las necesidades de una plantaci\u00f3n de iglesia o plantador<\/p>\nPlantar una iglesia puede ser un trabajo solitario, pero no tiene por qu\u00e9 serlo. Establezca una relaci\u00f3n con un plantador o una pareja de plantadores y an\u00edmalos enviando personas, recursos u otras necesidades para apoyar su trabajo.\n\n\t\t\t\t\t<img decoding=\"async\" src=\"https:\/\/i.vimeocdn.com\/video\/844583491-a3939a328d770bae3224cac9d9cc10aadf9690ba0b210fe9be39838fa4efd405-d_840\"\/>\n\t<h1>Planta un Iglesia<\/h1>\n<p>Su iglesia puede plantar iglesias. Queremos ayudar.<\/p>\n\u00danase al movimiento de plantaci\u00f3n de iglesias convirti\u00e9ndose en una familia de env\u00edo de plantadores de iglesias. Desde la evaluaci\u00f3n hasta el lanzamiento y el cuidado, acompa\u00f1e a los plantadores a trav\u00e9s del viaje de plantaci\u00f3n de iglesias.\n\n\t\t\t\t\t<img decoding=\"async\" src=\"https:\/\/sendnetworkespanol.com\/wp-content\/uploads\/2021\/06\/plant-church.jpg\" alt=\/>\n\t<h1>Multiplicar<\/h1>\n<p>Crear una cultura de la multiplicaci\u00f3n<\/p>\nSu iglesia puede construir un programa de residencia que descubra, desarrolle y despliegue l\u00edderes misioneros y equipos de plantaci\u00f3n de iglesias desde dentro de su iglesia.\n\n\t\t\t\t\t<img decoding=\"async\" src=\"https:\/\/i.vimeocdn.com\/video\/858343860-85f95a24b3fe30d85275ccd0de8fa24740258fa727f66eb28b1811401dcaf7b2-d_840\"\/>\n\t\t\t\t<img loading=\"lazy\" decoding=\"async\" src=\"https:\/\/sendnetworkespanol.com\/wp-content\/uploads\/2020\/05\/supporting-church-icon_navy.png\" alt=\"supporting-church-icon_navy\" itemprop=\"image\" height=\"150\" width=\"150\" height=\"279\" width=\"300\" height=\"400\" width=\"430\" title=\"supporting-church-icon_navy\" onerror=\"this.style.display='none'\"  \/>\n<h2>Apoyar la plantaci\u00f3n de una iglesia<\/h2>\n<p>Una Iglesia de Apoyo se asocia con otras iglesias orando, participando y proveyendo para el plantador de iglesias, su familia y la nueva iglesia. Construir una relaci\u00f3n s\u00f3lida con el plantador de iglesias es clave para la iglesia de apoyo y el \u00e9xito de la plantaci\u00f3n de iglesias.<\/p>\n<p>La oraci\u00f3n es un elemento crucial para este \u00e9xito. <a href=\"\/pray\">Orar por los plantadores<\/a> puede ayudarle a guiar a su iglesia a orar por los plantadores de iglesias en una ciudad, estado o provincia.<\/p>\n\n\n<h2>Env\u00edo de un plantador de iglesias<\/h2>\n<p>La salud de un plantador de iglesias a menudo depende de una fuerte asociaci\u00f3n de env\u00edo. Una iglesia de env\u00edo lidera como socio principal de una plantaci\u00f3n de iglesias, asumiendo la responsabilidad de la plantaci\u00f3n hasta que sea auto-sostenible, auto-gobernada y auto-propagada. Proporcionar orientaci\u00f3n y responsabilidad para el plantador de iglesias son funciones clave para una iglesia de env\u00edo.<\/p>\n<p>Sending Church Labs puede ayudarle a descubrir d\u00f3nde se encuentra como iglesia y qu\u00e9 puede hacer para pasar al siguiente nivel de env\u00edo.<\/p>\n\n\t\t\t\t<img loading=\"lazy\" decoding=\"async\" src=\"https:\/\/sendnetworkespanol.com\/wp-content\/uploads\/2020\/05\/sending-church-icon_navy.png\" alt=\"sending-church-icon_navy\" itemprop=\"image\" height=\"150\" width=\"150\" height=\"279\" width=\"300\" height=\"400\" width=\"430\" title=\"sending-church-icon_navy\" onerror=\"this.style.display='none'\"  \/>\n\t\t\t\t<img decoding=\"async\" src=\"https:\/\/sendnetworkespanol.com\/wp-content\/uploads\/2020\/05\/Multiplying-church-icon_navy.png\" alt=\"Bivocacional\" itemprop=\"image\" onerror=\"this.style.display='none'\"  \/>\n<h2>Multiplica mi Iglesia<\/h2>\nLos plantadores de iglesias cualificados son la mayor necesidad en la plantaci\u00f3n de iglesias hoy en d\u00eda. Simplemente no tenemos lo suficiente para plantar el n\u00famero de iglesias necesarias. Como Iglesia Multiplicadora, usted puede levantar y entrenar a los plantadores de iglesias que est\u00e1n sentados en su congregaci\u00f3n.\n\t\n\t<h2>\u00c1reas de inter\u00e9s para la plantaci\u00f3n de iglesias<\/h2>\n\t<h3>CANADA<\/h3>\n<ul>\n<li><a href=\"https:\/\/sendnetworkespanol.com\/send-city\/calgary\/\">Calgary<\/a><\/li>\n<li><a href=\"https:\/\/sendnetworkespanol.com\/send-city\/edmonton\/\">Edmonton<\/a><\/li>\n<li><a href=\"https:\/\/sendnetworkespanol.com\/send-city\/montreal\/\">Montreal<\/a><\/li>\n<li><a href=\"https:\/\/sendnetworkespanol.com\/send-city\/toronto\/\">Toronto<\/a><\/li>\n<li><a href=\"https:\/\/sendnetworkespanol.com\/send-city\/vancouver\/\">Vancouver<\/a><\/li>\n<\/ul>\n\t<h3>NORESTE<\/h3>\n<ul>\n<li><a href=\"https:\/\/sendnetworkespanol.com\/send-city\/baltimore\/\">Baltimore<\/a><\/li>\n<li><a href=\"https:\/\/sendnetworkespanol.com\/send-city\/boston\/\">Boston<\/a><\/li>\n<li><a href=\"https:\/\/sendnetworkespanol.com\/send-city\/new-york-city\/\">Ciudad de Nueva York<\/a><\/li>\n<li><a href=\"https:\/\/sendnetworkespanol.com\/send-city\/philadelphia\/\">Filadelfia<\/a><\/li>\n<li><a href=\"https:\/\/sendnetworkespanol.com\/send-city\/pittsburgh\/\">Pittsburgh<\/a><\/li>\n<li><a href=\"https:\/\/sendnetworkespanol.com\/send-city\/washington-dc\/\">Washington D.C.<\/a><\/li>\n<\/ul>\n\t<h3>MIDWEST<\/h3>\n<ul>\n<li><a href=\"https:\/\/sendnetworkespanol.com\/send-city\/chicago\/\">Chicago<\/a><\/li>\n<li><a href=\"https:\/\/sendnetworkespanol.com\/send-city\/cincinnati\/\">Cincinnati<\/a><\/li>\n<li><a href=\"https:\/\/sendnetworkespanol.com\/send-city\/cleveland\/\">Cleveland<\/a><\/li>\n<li><a href=\"https:\/\/sendnetworkespanol.com\/send-city\/columbus\/\">Columbus<\/a><\/li>\n<li><a href=\"https:\/\/sendnetworkespanol.com\/send-city\/detroit\/\">Detroit<\/a><\/li>\n<li><a href=\"https:\/\/sendnetworkespanol.com\/send-city\/indianapolis\/\">Indian\u00e1polis<\/a><\/li>\n<li><a href=\"https:\/\/sendnetworkespanol.com\/send-city\/kansas-city\/\">Kansas City<\/a><\/li>\n<li><a href=\"https:\/\/sendnetworkespanol.com\/send-city\/st-louis\/\">Louis<\/a><\/li>\n<li><a href=\"https:\/\/sendnetworkespanol.com\/send-city\/twincities\/\">Ciudades gemelas<\/a><\/li>\n<\/ul>\n\t<h3>WEST<\/h3>\n<ul>\n<li><a href=\"https:\/\/sendnetworkespanol.com\/send-city\/denver\/\">Denver<\/a><\/li>\n<li><a href=\"https:\/\/sendnetworkespanol.com\/send-city\/las-vegas\/\">Las Vegas<\/a><\/li>\n<li><a href=\"https:\/\/sendnetworkespanol.com\/send-city\/los-angeles\/\">Los \u00c1ngeles<\/a><\/li>\n<li><a href=\"https:\/\/sendnetworkespanol.com\/send-city\/phoenix\/\">Phoenix<\/a><\/li>\n<li><a href=\"https:\/\/sendnetworkespanol.com\/send-city\/portland\/\">Portland<\/a><\/li>\n<li><a href=\"https:\/\/sendnetworkespanol.com\/send-city\/salt-lake-city\/\">Ciudad de Salt Lake City<\/a><\/li>\n<li><a href=\"https:\/\/sendnetworkespanol.com\/send-city\/san-diego\/\">San Diego<\/a><\/li>\n<li><a href=\"\/send-network\/send-city\/san-francisco\">San Francisco<\/a><\/li>\n<li><a href=\"https:\/\/sendnetworkespanol.com\/send-city\/seattle\/\">Seattle<\/a><\/li>\n<\/ul>\n\t<h3>SUR<\/h3>\n<ul>\n<li><a href=\"https:\/\/sendnetworkespanol.com\/send-city\/atlanta\/\">Atlanta<\/a><\/li>\n<li><a href=\"https:\/\/sendnetworkespanol.com\/send-city\/new-orleans\/\">Nueva Orleans<\/a><\/li>\n<li><a href=\"https:\/\/sendnetworkespanol.com\/send-city\/south-florida\/\">Sur de Florida<\/a><\/li>\n<\/ul>\n\t<h3>\u00c1REAS ESTRAT\u00c9GICAS<\/h3>\n<ul>\n<li><a href=\"https:\/\/sendnetworkespanol.com\/send-city\/collegiate\/\">Comunidades colegiales<\/a><\/li>\n<li><a href=\"https:\/\/sendnetworkespanol.com\/send-city\/military\/\">Comunidades militares<\/a><\/li>\n<li><a href=\"https:\/\/sendnetworkespanol.com\/send-city\/puerto-rico\/\">Puerto Rico<\/a><\/li>\n<\/ul>\n\n","protected":false},"excerpt":{"rendered":"<p>Movilizar a mi Iglesia Los plantadores de iglesias necesitan que varias iglesias trabajen juntas para ayudarles &hellip;<\/p>\n<p class=\"read-more\"> <a class=\"\" href=\"https:\/\/sendnetworkespanol.com\/en\/movilizar-a-mi-iglesia\/\"> <span class=\"screen-reader-text\">Movilizar a mi Iglesia<\/span> Read More &raquo;<\/a><\/p>\n","protected":false},"author":1,"featured_media":12257,"parent":0,"menu_order":0,"comment_status":"closed","ping_status":"closed","template":"","meta":{"content-type":"","_oasis_is_in_workflow":0,"_oasis_original":0,"site-sidebar-layout":"no-sidebar","site-content-layout":"page-builder","ast-site-content-layout":"","site-content-style":"default","site-sidebar-style":"default","ast-global-header-display":"","ast-banner-title-visibility":"","ast-main-header-display":"","ast-hfb-above-header-display":"","ast-hfb-below-header-display":"","ast-hfb-mobile-header-display":"","site-post-title":"disabled","ast-breadcrumbs-content":"","ast-featured-img":"disabled","footer-sml-layout":"","theme-transparent-header-meta":"enabled","adv-header-id-meta":"","stick-header-meta":"","header-above-stick-meta":"","header-main-stick-meta":"","header-below-stick-meta":"","astra-migrate-meta-layouts":"","ast-page-background-enabled":"default","ast-page-background-meta":{"desktop":{"background-color":"","background-image":"","background-repeat":"repeat","background-position":"center center","background-size":"auto","background-attachment":"scroll","background-type":"","background-media":"","overlay-type":"","overlay-color":"","overlay-gradient":""},"tablet":{"background-color":"","background-image":"","background-repeat":"repeat","background-position":"center center","background-size":"auto","background-attachment":"scroll","background-type":"","background-media":"","overlay-type":"","overlay-color":"","overlay-gradient":""},"mobile":{"background-color":"","background-image":"","background-repeat":"repeat","background-position":"center center","background-size":"auto","background-attachment":"scroll","background-type":"","background-media":"","overlay-type":"","overlay-color":"","overlay-gradient":""}},"ast-content-background-meta":{"desktop":{"background-color":"var(--ast-global-color-5)","background-image":"","background-repeat":"repeat","background-position":"center center","background-size":"auto","background-attachment":"scroll","background-type":"","background-media":"","overlay-type":"","overlay-color":"","overlay-gradient":""},"tablet":{"background-color":"var(--ast-global-color-5)","background-image":"","background-repeat":"repeat","background-position":"center center","background-size":"auto","background-attachment":"scroll","background-type":"","background-media":"","overlay-type":"","overlay-color":"","overlay-gradient":""},"mobile":{"background-color":"var(--ast-global-color-5)","background-image":"","background-repeat":"repeat","background-position":"center center","background-size":"auto","background-attachment":"scroll","background-type":"","background-media":"","overlay-type":"","overlay-color":"","overlay-gradient":""}},"footnotes":""},"class_list":["post-18142","page","type-page","status-publish","has-post-thumbnail","hentry"],"acf":[],"yoast_head":"<!-- This site is optimized with the Yoast SEO Premium plugin v24.0 (Yoast SEO v27.2) - https:\/\/yoast.com\/product\/yoast-seo-premium-wordpress\/ -->\n<title>Movilizar a mi Iglesia - Send Network<\/title>\n<meta name=\"robots\" content=\"index, follow, max-snippet:-1, max-image-preview:large, max-video-preview:-1\" \/>\n<link rel=\"canonical\" href=\"https:\/\/sendnetworkespanol.com\/en\/movilizar-a-mi-iglesia\/\" \/>\n<meta property=\"og:locale\" content=\"en_US\" \/>\n<meta property=\"og:type\" content=\"article\" \/>\n<meta property=\"og:title\" content=\"Movilizar a mi Iglesia\" \/>\n<meta property=\"og:description\" content=\"Movilizar a mi Iglesia Los plantadores de iglesias necesitan que varias iglesias trabajen juntas para ayudarles &hellip; Movilizar a mi Iglesia Read More &raquo;\" \/>\n<meta property=\"og:url\" content=\"https:\/\/sendnetworkespanol.com\/en\/movilizar-a-mi-iglesia\/\" \/>\n<meta property=\"og:site_name\" content=\"Send Network\" \/>\n<meta property=\"article:publisher\" content=\"https:\/\/www.facebook.com\/SendNetwork\/\" \/>\n<meta property=\"article:modified_time\" content=\"2022-10-03T15:01:55+00:00\" \/>\n<meta property=\"og:image\" content=\"https:\/\/sendnetworkespanol.com\/wp-content\/uploads\/2020\/06\/Mobilize-my-church.jpg\" \/>\n\t<meta property=\"og:image:width\" content=\"840\" \/>\n\t<meta property=\"og:image:height\" content=\"472\" \/>\n\t<meta property=\"og:image:type\" content=\"image\/jpeg\" \/>\n<meta name=\"twitter:card\" content=\"summary_large_image\" \/>\n<meta name=\"twitter:site\" content=\"@sendnetwork\" \/>\n<meta name=\"twitter:label1\" content=\"Est. reading time\" \/>\n\t<meta name=\"twitter:data1\" content=\"3 minutes\" \/>\n<script type=\"application\/ld+json\" class=\"yoast-schema-graph\">{\"@context\":\"https:\/\/schema.org\",\"@graph\":[{\"@type\":\"WebPage\",\"@id\":\"https:\/\/sendnetworkespanol.com\/en\/movilizar-a-mi-iglesia\/\",\"url\":\"https:\/\/sendnetworkespanol.com\/en\/movilizar-a-mi-iglesia\/\",\"name\":\"Movilizar a mi Iglesia - Send Network\",\"isPartOf\":{\"@id\":\"https:\/\/sendnetworkespanol.com\/#website\"},\"primaryImageOfPage\":{\"@id\":\"https:\/\/sendnetworkespanol.com\/en\/movilizar-a-mi-iglesia\/#primaryimage\"},\"image\":{\"@id\":\"https:\/\/sendnetworkespanol.com\/en\/movilizar-a-mi-iglesia\/#primaryimage\"},\"thumbnailUrl\":\"https:\/\/sendnetworkespanol.com\/wp-content\/uploads\/2020\/06\/Mobilize-my-church.jpg\",\"datePublished\":\"2021-06-08T20:19:19+00:00\",\"dateModified\":\"2022-10-03T15:01:55+00:00\",\"breadcrumb\":{\"@id\":\"https:\/\/sendnetworkespanol.com\/en\/movilizar-a-mi-iglesia\/#breadcrumb\"},\"inLanguage\":\"en-US\",\"potentialAction\":[{\"@type\":\"ReadAction\",\"target\":[\"https:\/\/sendnetworkespanol.com\/en\/movilizar-a-mi-iglesia\/\"]}]},{\"@type\":\"ImageObject\",\"inLanguage\":\"en-US\",\"@id\":\"https:\/\/sendnetworkespanol.com\/en\/movilizar-a-mi-iglesia\/#primaryimage\",\"url\":\"https:\/\/sendnetworkespanol.com\/wp-content\/uploads\/2020\/06\/Mobilize-my-church.jpg\",\"contentUrl\":\"https:\/\/sendnetworkespanol.com\/wp-content\/uploads\/2020\/06\/Mobilize-my-church.jpg\",\"width\":840,\"height\":472},{\"@type\":\"BreadcrumbList\",\"@id\":\"https:\/\/sendnetworkespanol.com\/en\/movilizar-a-mi-iglesia\/#breadcrumb\",\"itemListElement\":[{\"@type\":\"ListItem\",\"position\":1,\"name\":\"Home\",\"item\":\"https:\/\/sendnetworkespanol.com\/en\/es\/\"},{\"@type\":\"ListItem\",\"position\":2,\"name\":\"Movilizar a mi Iglesia\"}]},{\"@type\":\"WebSite\",\"@id\":\"https:\/\/sendnetworkespanol.com\/#website\",\"url\":\"https:\/\/sendnetworkespanol.com\/\",\"name\":\"Send Network\",\"description\":\"Church Planting Network\",\"publisher\":{\"@id\":\"https:\/\/sendnetworkespanol.com\/#organization\"},\"potentialAction\":[{\"@type\":\"SearchAction\",\"target\":{\"@type\":\"EntryPoint\",\"urlTemplate\":\"https:\/\/sendnetworkespanol.com\/?s={search_term_string}\"},\"query-input\":{\"@type\":\"PropertyValueSpecification\",\"valueRequired\":true,\"valueName\":\"search_term_string\"}}],\"inLanguage\":\"en-US\"},{\"@type\":\"Organization\",\"@id\":\"https:\/\/sendnetworkespanol.com\/#organization\",\"name\":\"Send Network\",\"url\":\"https:\/\/sendnetworkespanol.com\/\",\"logo\":{\"@type\":\"ImageObject\",\"inLanguage\":\"en-US\",\"@id\":\"https:\/\/sendnetworkespanol.com\/#\/schema\/logo\/image\/\",\"url\":\"https:\/\/sendnetworkespanol.com\/wp-content\/uploads\/2016\/07\/SN-Logo_Linear_Brandmark-Solid_BlueNavy_RGB.png\",\"contentUrl\":\"https:\/\/sendnetworkespanol.com\/wp-content\/uploads\/2016\/07\/SN-Logo_Linear_Brandmark-Solid_BlueNavy_RGB.png\",\"width\":2560,\"height\":393,\"caption\":\"Send Network\"},\"image\":{\"@id\":\"https:\/\/sendnetworkespanol.com\/#\/schema\/logo\/image\/\"},\"sameAs\":[\"https:\/\/www.facebook.com\/SendNetwork\/\",\"https:\/\/x.com\/sendnetwork\",\"https:\/\/www.instagram.com\/wearesendnetwork\"]}]}<\/script>\n<!-- \/ Yoast SEO Premium plugin. -->","yoast_head_json":{"title":"Movilizar a mi Iglesia - Send Network","robots":{"index":"index","follow":"follow","max-snippet":"max-snippet:-1","max-image-preview":"max-image-preview:large","max-video-preview":"max-video-preview:-1"},"canonical":"https:\/\/sendnetworkespanol.com\/en\/movilizar-a-mi-iglesia\/","og_locale":"en_US","og_type":"article","og_title":"Movilizar a mi Iglesia","og_description":"Movilizar a mi Iglesia Los plantadores de iglesias necesitan que varias iglesias trabajen juntas para ayudarles &hellip; Movilizar a mi Iglesia Read More &raquo;","og_url":"https:\/\/sendnetworkespanol.com\/en\/movilizar-a-mi-iglesia\/","og_site_name":"Send Network","article_publisher":"https:\/\/www.facebook.com\/SendNetwork\/","article_modified_time":"2022-10-03T15:01:55+00:00","og_image":[{"width":840,"height":472,"url":"https:\/\/sendnetworkespanol.com\/wp-content\/uploads\/2020\/06\/Mobilize-my-church.jpg","type":"image\/jpeg"}],"twitter_card":"summary_large_image","twitter_site":"@sendnetwork","twitter_misc":{"Est. reading time":"3 minutes"},"schema":{"@context":"https:\/\/schema.org","@graph":[{"@type":"WebPage","@id":"https:\/\/sendnetworkespanol.com\/en\/movilizar-a-mi-iglesia\/","url":"https:\/\/sendnetworkespanol.com\/en\/movilizar-a-mi-iglesia\/","name":"Movilizar a mi Iglesia - Send Network","isPartOf":{"@id":"https:\/\/sendnetworkespanol.com\/#website"},"primaryImageOfPage":{"@id":"https:\/\/sendnetworkespanol.com\/en\/movilizar-a-mi-iglesia\/#primaryimage"},"image":{"@id":"https:\/\/sendnetworkespanol.com\/en\/movilizar-a-mi-iglesia\/#primaryimage"},"thumbnailUrl":"https:\/\/sendnetworkespanol.com\/wp-content\/uploads\/2020\/06\/Mobilize-my-church.jpg","datePublished":"2021-06-08T20:19:19+00:00","dateModified":"2022-10-03T15:01:55+00:00","breadcrumb":{"@id":"https:\/\/sendnetworkespanol.com\/en\/movilizar-a-mi-iglesia\/#breadcrumb"},"inLanguage":"en-US","potentialAction":[{"@type":"ReadAction","target":["https:\/\/sendnetworkespanol.com\/en\/movilizar-a-mi-iglesia\/"]}]},{"@type":"ImageObject","inLanguage":"en-US","@id":"https:\/\/sendnetworkespanol.com\/en\/movilizar-a-mi-iglesia\/#primaryimage","url":"https:\/\/sendnetworkespanol.com\/wp-content\/uploads\/2020\/06\/Mobilize-my-church.jpg","contentUrl":"https:\/\/sendnetworkespanol.com\/wp-content\/uploads\/2020\/06\/Mobilize-my-church.jpg","width":840,"height":472},{"@type":"BreadcrumbList","@id":"https:\/\/sendnetworkespanol.com\/en\/movilizar-a-mi-iglesia\/#breadcrumb","itemListElement":[{"@type":"ListItem","position":1,"name":"Home","item":"https:\/\/sendnetworkespanol.com\/en\/es\/"},{"@type":"ListItem","position":2,"name":"Movilizar a mi Iglesia"}]},{"@type":"WebSite","@id":"https:\/\/sendnetworkespanol.com\/#website","url":"https:\/\/sendnetworkespanol.com\/","name":"Send Network","description":"Church Planting Network","publisher":{"@id":"https:\/\/sendnetworkespanol.com\/#organization"},"potentialAction":[{"@type":"SearchAction","target":{"@type":"EntryPoint","urlTemplate":"https:\/\/sendnetworkespanol.com\/?s={search_term_string}"},"query-input":{"@type":"PropertyValueSpecification","valueRequired":true,"valueName":"search_term_string"}}],"inLanguage":"en-US"},{"@type":"Organization","@id":"https:\/\/sendnetworkespanol.com\/#organization","name":"Send Network","url":"https:\/\/sendnetworkespanol.com\/","logo":{"@type":"ImageObject","inLanguage":"en-US","@id":"https:\/\/sendnetworkespanol.com\/#\/schema\/logo\/image\/","url":"https:\/\/sendnetworkespanol.com\/wp-content\/uploads\/2016\/07\/SN-Logo_Linear_Brandmark-Solid_BlueNavy_RGB.png","contentUrl":"https:\/\/sendnetworkespanol.com\/wp-content\/uploads\/2016\/07\/SN-Logo_Linear_Brandmark-Solid_BlueNavy_RGB.png","width":2560,"height":393,"caption":"Send Network"},"image":{"@id":"https:\/\/sendnetworkespanol.com\/#\/schema\/logo\/image\/"},"sameAs":["https:\/\/www.facebook.com\/SendNetwork\/","https:\/\/x.com\/sendnetwork","https:\/\/www.instagram.com\/wearesendnetwork"]}]}},"publishpress_future_action":{"enabled":false,"date":"2026-04-21 01:52:49","action":"change-status","newStatus":"draft","terms":[],"taxonomy":"translation_priority","extraData":[]},"publishpress_future_workflow_manual_trigger":{"enabledWorkflows":[]},"_links":{"self":[{"href":"https:\/\/sendnetworkespanol.com\/en\/wp-json\/wp\/v2\/pages\/18142","targetHints":{"allow":["GET"]}}],"collection":[{"href":"https:\/\/sendnetworkespanol.com\/en\/wp-json\/wp\/v2\/pages"}],"about":[{"href":"https:\/\/sendnetworkespanol.com\/en\/wp-json\/wp\/v2\/types\/page"}],"author":[{"embeddable":true,"href":"https:\/\/sendnetworkespanol.com\/en\/wp-json\/wp\/v2\/users\/1"}],"replies":[{"embeddable":true,"href":"https:\/\/sendnetworkespanol.com\/en\/wp-json\/wp\/v2\/comments?post=18142"}],"version-history":[{"count":0,"href":"https:\/\/sendnetworkespanol.com\/en\/wp-json\/wp\/v2\/pages\/18142\/revisions"}],"wp:featuredmedia":[{"embeddable":true,"href":"https:\/\/sendnetworkespanol.com\/en\/wp-json\/wp\/v2\/media\/12257"}],"wp:attachment":[{"href":"https:\/\/sendnetworkespanol.com\/en\/wp-json\/wp\/v2\/media?parent=18142"}],"curies":[{"name":"wp","href":"https:\/\/api.w.org\/{rel}","templated":true}]}}