{"id":18543,"date":"2022-09-19T13:11:44","date_gmt":"2022-09-19T17:11:44","guid":{"rendered":"https:\/\/sendnetworkespanol.com\/?page_id=18543"},"modified":"2024-04-18T09:10:44","modified_gmt":"2024-04-18T13:10:44","slug":"nuestros-lideres","status":"publish","type":"page","link":"https:\/\/sendnetworkespanol.com\/en\/nuestros-lideres\/","title":{"rendered":"Nuestros l\u00edderes"},"content":{"rendered":"\n\n\t<h1>Nuestros l\u00edderes<\/h1>\n<p>Los l\u00edderes de Send Network son pastores, plantadores y practicantes con una pasi\u00f3n por ver el Reino de Dios expandido a medida que las ciudades se comprometen con el evangelio, se hacen disc\u00edpulos y nacen iglesias. Somos una familia de iglesias que plantan iglesias en todas partes para todos.<\/p>\n\t<h2>\n\t\t\t\tLiderazgo Ejecutivo\n\t\t\t<\/h2>\n\t<h2>\n\t\t\t\tEquipo l\u00edder de plantadores de iglesias\n\t\t\t<\/h2>\n\t<p><em>Nuestro Equipo de L\u00edderes de Plantaci\u00f3n de Iglesias proporciona una visi\u00f3n e influencia para avanzar en la direcci\u00f3n visionaria de Send Network.<\/em><\/p>\n\n","protected":false},"excerpt":{"rendered":"<p>Nuestros l\u00edderes Los l\u00edderes de Send Network son pastores, plantadores y practicantes con una pasi\u00f3n por &hellip;<\/p>\n<p class=\"read-more\"> <a class=\"\" href=\"https:\/\/sendnetworkespanol.com\/en\/nuestros-lideres\/\"> <span class=\"screen-reader-text\">Nuestros l\u00edderes<\/span> Read More &raquo;<\/a><\/p>\n","protected":false},"author":53,"featured_media":12251,"parent":0,"menu_order":0,"comment_status":"closed","ping_status":"closed","template":"","meta":{"content-type":"","_oasis_is_in_workflow":0,"_oasis_original":0,"site-sidebar-layout":"no-sidebar","site-content-layout":"page-builder","ast-site-content-layout":"full-width-container","site-content-style":"unboxed","site-sidebar-style":"unboxed","ast-global-header-display":"","ast-banner-title-visibility":"","ast-main-header-display":"","ast-hfb-above-header-display":"","ast-hfb-below-header-display":"","ast-hfb-mobile-header-display":"","site-post-title":"disabled","ast-breadcrumbs-content":"","ast-featured-img":"disabled","footer-sml-layout":"","theme-transparent-header-meta":"enabled","adv-header-id-meta":"","stick-header-meta":"","header-above-stick-meta":"","header-main-stick-meta":"","header-below-stick-meta":"","astra-migrate-meta-layouts":"set","ast-page-background-enabled":"default","ast-page-background-meta":{"desktop":{"background-color":"","background-image":"","background-repeat":"repeat","background-position":"center center","background-size":"auto","background-attachment":"scroll","background-type":"","background-media":"","overlay-type":"","overlay-color":"","overlay-gradient":""},"tablet":{"background-color":"","background-image":"","background-repeat":"repeat","background-position":"center center","background-size":"auto","background-attachment":"scroll","background-type":"","background-media":"","overlay-type":"","overlay-color":"","overlay-gradient":""},"mobile":{"background-color":"","background-image":"","background-repeat":"repeat","background-position":"center center","background-size":"auto","background-attachment":"scroll","background-type":"","background-media":"","overlay-type":"","overlay-color":"","overlay-gradient":""}},"ast-content-background-meta":{"desktop":{"background-color":"var(--ast-global-color-5)","background-image":"","background-repeat":"repeat","background-position":"center center","background-size":"auto","background-attachment":"scroll","background-type":"","background-media":"","overlay-type":"","overlay-color":"","overlay-gradient":""},"tablet":{"background-color":"var(--ast-global-color-5)","background-image":"","background-repeat":"repeat","background-position":"center center","background-size":"auto","background-attachment":"scroll","background-type":"","background-media":"","overlay-type":"","overlay-color":"","overlay-gradient":""},"mobile":{"background-color":"var(--ast-global-color-5)","background-image":"","background-repeat":"repeat","background-position":"center center","background-size":"auto","background-attachment":"scroll","background-type":"","background-media":"","overlay-type":"","overlay-color":"","overlay-gradient":""}},"footnotes":""},"class_list":["post-18543","page","type-page","status-publish","has-post-thumbnail","hentry"],"acf":[],"yoast_head":"<!-- This site is optimized with the Yoast SEO Premium plugin v24.0 (Yoast SEO v27.2) - https:\/\/yoast.com\/product\/yoast-seo-premium-wordpress\/ -->\n<title>Nuestros l\u00edderes - Send Network<\/title>\n<meta name=\"robots\" content=\"noindex, nofollow\" \/>\n<meta property=\"og:locale\" content=\"en_US\" \/>\n<meta property=\"og:type\" content=\"article\" \/>\n<meta property=\"og:title\" content=\"Nuestros l\u00edderes\" \/>\n<meta property=\"og:description\" content=\"Nuestros l\u00edderes Los l\u00edderes de Send Network son pastores, plantadores y practicantes con una pasi\u00f3n por &hellip; Nuestros l\u00edderes Read More &raquo;\" \/>\n<meta property=\"og:url\" content=\"https:\/\/sendnetworkespanol.com\/en\/nuestros-lideres\/\" \/>\n<meta property=\"og:site_name\" content=\"Send Network\" \/>\n<meta property=\"article:publisher\" content=\"https:\/\/www.facebook.com\/SendNetwork\/\" \/>\n<meta property=\"article:modified_time\" content=\"2024-04-18T13:10:44+00:00\" \/>\n<meta property=\"og:image\" content=\"https:\/\/sendnetworkespanol.com\/wp-content\/uploads\/2020\/06\/church-planting-scaled.jpg\" \/>\n\t<meta property=\"og:image:width\" content=\"2560\" \/>\n\t<meta property=\"og:image:height\" content=\"1710\" \/>\n\t<meta property=\"og:image:type\" content=\"image\/jpeg\" \/>\n<meta name=\"twitter:card\" content=\"summary_large_image\" \/>\n<meta name=\"twitter:site\" content=\"@sendnetwork\" \/>\n<meta name=\"twitter:label1\" content=\"Est. reading time\" \/>\n\t<meta name=\"twitter:data1\" content=\"1 minute\" \/>\n<script type=\"application\/ld+json\" class=\"yoast-schema-graph\">{\"@context\":\"https:\/\/schema.org\",\"@graph\":[{\"@type\":\"WebPage\",\"@id\":\"https:\/\/sendnetworkespanol.com\/en\/nuestros-lideres\/\",\"url\":\"https:\/\/sendnetworkespanol.com\/en\/nuestros-lideres\/\",\"name\":\"Nuestros l\u00edderes - Send Network\",\"isPartOf\":{\"@id\":\"https:\/\/sendnetworkespanol.com\/#website\"},\"primaryImageOfPage\":{\"@id\":\"https:\/\/sendnetworkespanol.com\/en\/nuestros-lideres\/#primaryimage\"},\"image\":{\"@id\":\"https:\/\/sendnetworkespanol.com\/en\/nuestros-lideres\/#primaryimage\"},\"thumbnailUrl\":\"https:\/\/sendnetworkespanol.com\/wp-content\/uploads\/2020\/06\/church-planting-scaled.jpg\",\"datePublished\":\"2022-09-19T17:11:44+00:00\",\"dateModified\":\"2024-04-18T13:10:44+00:00\",\"breadcrumb\":{\"@id\":\"https:\/\/sendnetworkespanol.com\/en\/nuestros-lideres\/#breadcrumb\"},\"inLanguage\":\"en-US\",\"potentialAction\":[{\"@type\":\"ReadAction\",\"target\":[\"https:\/\/sendnetworkespanol.com\/en\/nuestros-lideres\/\"]}]},{\"@type\":\"ImageObject\",\"inLanguage\":\"en-US\",\"@id\":\"https:\/\/sendnetworkespanol.com\/en\/nuestros-lideres\/#primaryimage\",\"url\":\"https:\/\/sendnetworkespanol.com\/wp-content\/uploads\/2020\/06\/church-planting-scaled.jpg\",\"contentUrl\":\"https:\/\/sendnetworkespanol.com\/wp-content\/uploads\/2020\/06\/church-planting-scaled.jpg\",\"width\":2560,\"height\":1710},{\"@type\":\"BreadcrumbList\",\"@id\":\"https:\/\/sendnetworkespanol.com\/en\/nuestros-lideres\/#breadcrumb\",\"itemListElement\":[{\"@type\":\"ListItem\",\"position\":1,\"name\":\"Home\",\"item\":\"https:\/\/sendnetworkespanol.com\/en\/\"},{\"@type\":\"ListItem\",\"position\":2,\"name\":\"Nuestros l\u00edderes\"}]},{\"@type\":\"WebSite\",\"@id\":\"https:\/\/sendnetworkespanol.com\/#website\",\"url\":\"https:\/\/sendnetworkespanol.com\/\",\"name\":\"Send Network\",\"description\":\"Church Planting Network\",\"publisher\":{\"@id\":\"https:\/\/sendnetworkespanol.com\/#organization\"},\"potentialAction\":[{\"@type\":\"SearchAction\",\"target\":{\"@type\":\"EntryPoint\",\"urlTemplate\":\"https:\/\/sendnetworkespanol.com\/?s={search_term_string}\"},\"query-input\":{\"@type\":\"PropertyValueSpecification\",\"valueRequired\":true,\"valueName\":\"search_term_string\"}}],\"inLanguage\":\"en-US\"},{\"@type\":\"Organization\",\"@id\":\"https:\/\/sendnetworkespanol.com\/#organization\",\"name\":\"Send Network\",\"url\":\"https:\/\/sendnetworkespanol.com\/\",\"logo\":{\"@type\":\"ImageObject\",\"inLanguage\":\"en-US\",\"@id\":\"https:\/\/sendnetworkespanol.com\/#\/schema\/logo\/image\/\",\"url\":\"https:\/\/sendnetworkespanol.com\/wp-content\/uploads\/2016\/07\/SN-Logo_Linear_Brandmark-Solid_BlueNavy_RGB.png\",\"contentUrl\":\"https:\/\/sendnetworkespanol.com\/wp-content\/uploads\/2016\/07\/SN-Logo_Linear_Brandmark-Solid_BlueNavy_RGB.png\",\"width\":2560,\"height\":393,\"caption\":\"Send Network\"},\"image\":{\"@id\":\"https:\/\/sendnetworkespanol.com\/#\/schema\/logo\/image\/\"},\"sameAs\":[\"https:\/\/www.facebook.com\/SendNetwork\/\",\"https:\/\/x.com\/sendnetwork\",\"https:\/\/www.instagram.com\/wearesendnetwork\"]}]}<\/script>\n<!-- \/ Yoast SEO Premium plugin. -->","yoast_head_json":{"title":"Nuestros l\u00edderes - Send Network","robots":{"index":"noindex","follow":"nofollow"},"og_locale":"en_US","og_type":"article","og_title":"Nuestros l\u00edderes","og_description":"Nuestros l\u00edderes Los l\u00edderes de Send Network son pastores, plantadores y practicantes con una pasi\u00f3n por &hellip; Nuestros l\u00edderes Read More &raquo;","og_url":"https:\/\/sendnetworkespanol.com\/en\/nuestros-lideres\/","og_site_name":"Send Network","article_publisher":"https:\/\/www.facebook.com\/SendNetwork\/","article_modified_time":"2024-04-18T13:10:44+00:00","og_image":[{"width":2560,"height":1710,"url":"https:\/\/sendnetworkespanol.com\/wp-content\/uploads\/2020\/06\/church-planting-scaled.jpg","type":"image\/jpeg"}],"twitter_card":"summary_large_image","twitter_site":"@sendnetwork","twitter_misc":{"Est. reading time":"1 minute"},"schema":{"@context":"https:\/\/schema.org","@graph":[{"@type":"WebPage","@id":"https:\/\/sendnetworkespanol.com\/en\/nuestros-lideres\/","url":"https:\/\/sendnetworkespanol.com\/en\/nuestros-lideres\/","name":"Nuestros l\u00edderes - Send Network","isPartOf":{"@id":"https:\/\/sendnetworkespanol.com\/#website"},"primaryImageOfPage":{"@id":"https:\/\/sendnetworkespanol.com\/en\/nuestros-lideres\/#primaryimage"},"image":{"@id":"https:\/\/sendnetworkespanol.com\/en\/nuestros-lideres\/#primaryimage"},"thumbnailUrl":"https:\/\/sendnetworkespanol.com\/wp-content\/uploads\/2020\/06\/church-planting-scaled.jpg","datePublished":"2022-09-19T17:11:44+00:00","dateModified":"2024-04-18T13:10:44+00:00","breadcrumb":{"@id":"https:\/\/sendnetworkespanol.com\/en\/nuestros-lideres\/#breadcrumb"},"inLanguage":"en-US","potentialAction":[{"@type":"ReadAction","target":["https:\/\/sendnetworkespanol.com\/en\/nuestros-lideres\/"]}]},{"@type":"ImageObject","inLanguage":"en-US","@id":"https:\/\/sendnetworkespanol.com\/en\/nuestros-lideres\/#primaryimage","url":"https:\/\/sendnetworkespanol.com\/wp-content\/uploads\/2020\/06\/church-planting-scaled.jpg","contentUrl":"https:\/\/sendnetworkespanol.com\/wp-content\/uploads\/2020\/06\/church-planting-scaled.jpg","width":2560,"height":1710},{"@type":"BreadcrumbList","@id":"https:\/\/sendnetworkespanol.com\/en\/nuestros-lideres\/#breadcrumb","itemListElement":[{"@type":"ListItem","position":1,"name":"Home","item":"https:\/\/sendnetworkespanol.com\/en\/"},{"@type":"ListItem","position":2,"name":"Nuestros l\u00edderes"}]},{"@type":"WebSite","@id":"https:\/\/sendnetworkespanol.com\/#website","url":"https:\/\/sendnetworkespanol.com\/","name":"Send Network","description":"Church Planting Network","publisher":{"@id":"https:\/\/sendnetworkespanol.com\/#organization"},"potentialAction":[{"@type":"SearchAction","target":{"@type":"EntryPoint","urlTemplate":"https:\/\/sendnetworkespanol.com\/?s={search_term_string}"},"query-input":{"@type":"PropertyValueSpecification","valueRequired":true,"valueName":"search_term_string"}}],"inLanguage":"en-US"},{"@type":"Organization","@id":"https:\/\/sendnetworkespanol.com\/#organization","name":"Send Network","url":"https:\/\/sendnetworkespanol.com\/","logo":{"@type":"ImageObject","inLanguage":"en-US","@id":"https:\/\/sendnetworkespanol.com\/#\/schema\/logo\/image\/","url":"https:\/\/sendnetworkespanol.com\/wp-content\/uploads\/2016\/07\/SN-Logo_Linear_Brandmark-Solid_BlueNavy_RGB.png","contentUrl":"https:\/\/sendnetworkespanol.com\/wp-content\/uploads\/2016\/07\/SN-Logo_Linear_Brandmark-Solid_BlueNavy_RGB.png","width":2560,"height":393,"caption":"Send Network"},"image":{"@id":"https:\/\/sendnetworkespanol.com\/#\/schema\/logo\/image\/"},"sameAs":["https:\/\/www.facebook.com\/SendNetwork\/","https:\/\/x.com\/sendnetwork","https:\/\/www.instagram.com\/wearesendnetwork"]}]}},"publishpress_future_action":{"enabled":false,"date":"2026-05-07 09:33:22","action":"change-status","newStatus":"draft","terms":[],"taxonomy":"translation_priority","extraData":[]},"publishpress_future_workflow_manual_trigger":{"enabledWorkflows":[]},"_links":{"self":[{"href":"https:\/\/sendnetworkespanol.com\/en\/wp-json\/wp\/v2\/pages\/18543","targetHints":{"allow":["GET"]}}],"collection":[{"href":"https:\/\/sendnetworkespanol.com\/en\/wp-json\/wp\/v2\/pages"}],"about":[{"href":"https:\/\/sendnetworkespanol.com\/en\/wp-json\/wp\/v2\/types\/page"}],"author":[{"embeddable":true,"href":"https:\/\/sendnetworkespanol.com\/en\/wp-json\/wp\/v2\/users\/53"}],"replies":[{"embeddable":true,"href":"https:\/\/sendnetworkespanol.com\/en\/wp-json\/wp\/v2\/comments?post=18543"}],"version-history":[{"count":0,"href":"https:\/\/sendnetworkespanol.com\/en\/wp-json\/wp\/v2\/pages\/18543\/revisions"}],"wp:featuredmedia":[{"embeddable":true,"href":"https:\/\/sendnetworkespanol.com\/en\/wp-json\/wp\/v2\/media\/12251"}],"wp:attachment":[{"href":"https:\/\/sendnetworkespanol.com\/en\/wp-json\/wp\/v2\/media?parent=18543"}],"curies":[{"name":"wp","href":"https:\/\/api.w.org\/{rel}","templated":true}]}}