{"id":27989,"date":"2025-05-20T11:38:53","date_gmt":"2025-05-20T15:38:53","guid":{"rendered":"https:\/\/sendnetworkespanol.com\/?page_id=27989"},"modified":"2025-09-08T13:59:27","modified_gmt":"2025-09-08T17:59:27","slug":"pace","status":"publish","type":"page","link":"https:\/\/sendnetworkespanol.com\/en\/plantacion-de-iglesias\/pace\/","title":{"rendered":"PACE"},"content":{"rendered":"\n\n\t<h1>El Proceso del Plantador de Iglesias<\/h1>\n\t<p>Como primer Paso de inter\u00e9s en la plantaci\u00f3n de iglesias, te invitamos a registrarte aqu\u00ed<\/p>\n<p><a href=\"https:\/\/www.namb.net\/church-planting-interest-form\/\">Comienza aqu\u00ed<\/a><\/p>\n\t\t\t\t<img loading=\"lazy\" decoding=\"async\" src=\"https:\/\/sendnetworkespanol.com\/wp-content\/uploads\/2024\/12\/2411_SN_PACE2.png\" alt=\"2411_SN_PACE2\" itemprop=\"image\" height=\"700\" width=\"2560\" title=\"2411_SN_PACE2\" onerror=\"this.style.display='none'\"  \/>\n\t\t\t\t<img loading=\"lazy\" decoding=\"async\" src=\"https:\/\/sendnetworkespanol.com\/wp-content\/uploads\/2025\/05\/2411_SN_PACE_Words_Espanol.png\" alt=\"2411_SN_PACE_Words_Espanol\" itemprop=\"image\" height=\"66\" width=\"2560\" title=\"2411_SN_PACE_Words_Espanol\" onerror=\"this.style.display='none'\"  \/>\n\t\t\t\t<img loading=\"lazy\" decoding=\"async\" src=\"https:\/\/sendnetworkespanol.com\/wp-content\/uploads\/2024\/12\/2407_SN_Mobilization_Planter-Pathway_P_Square.png\" alt=\"2407_SN_Mobilization_Planter Pathway_P_Square\" itemprop=\"image\" height=\"1270\" width=\"1270\" title=\"2407_SN_Mobilization_Planter Pathway_P_Square\" onerror=\"this.style.display='none'\"  \/>\n\n<p>Prep\u00e1rate  para tu jornada de plantaci\u00f3n de iglesias con recursos que te ayudar\u00e1n a crecer y desarrollarte.<\/p>\n\u00bfEst\u00e1s interesado en plantar una iglesia o en enviar a un plantador en el futuro? Ya sea que falte un a\u00f1o o diez para dar ese paso, es esencial prepararte para todo lo que implica la plantaci\u00f3n de iglesias.\n\n\t<p><a id=\"btn-green\" href=\"https:\/\/sendnetworkespanol.com\/es\/9-esenciales\/\">DESCUBRE LOS <br \/>9 ESENCIALES DE <br \/>LA PLANTACI\u00d3N <br \/>DE IGLESIAS<\/a><\/p>\n\t\t\t\t<img loading=\"lazy\" decoding=\"async\" src=\"https:\/\/sendnetworkespanol.com\/wp-content\/uploads\/2024\/12\/Video-Thumb_Tony-Merida_Intro-1024x572.png\" alt=\"Video Thumb_Tony Merida_Intro\" itemprop=\"image\" height=\"572\" width=\"1024\" title=\"Video Thumb_Tony Merida_Intro\" onerror=\"this.style.display='none'\"  \/>\n\t\t\t\t<img loading=\"lazy\" decoding=\"async\" src=\"https:\/\/sendnetworkespanol.com\/wp-content\/uploads\/2024\/12\/ChurchPlantingPipeline_HC_1965-1024x683.jpg\" alt=\"ChurchPlantingPipeline_HC_1965\" itemprop=\"image\" height=\"683\" width=\"1024\" title=\"ChurchPlantingPipeline_HC_1965\" onerror=\"this.style.display='none'\"  \/>\n\t\t\t\t<img loading=\"lazy\" decoding=\"async\" src=\"https:\/\/sendnetworkespanol.com\/wp-content\/uploads\/2024\/12\/2407_SN_Mobilization_Planter-Pathway_A_Square.png\" alt=\"2407_SN_Mobilization_Planter Pathway_A_Square\" itemprop=\"image\" height=\"1270\" width=\"1270\" title=\"2407_SN_Mobilization_Planter Pathway_A_Square\" onerror=\"this.style.display='none'\"  \/>\n\nAsesora tu preparaci\u00f3n para la plantaci\u00f3n a trav\u00e9s de cuestionarios en l\u00ednea y evaluaciones presenciales.\n\nDespu\u00e9s de aprobar tu solicitud, el proceso de evaluaci\u00f3n incluye una preevaluaci\u00f3n en l\u00ednea y un retiro presencial de dos d\u00edas dise\u00f1ado para ayudarte a identificar tus fortalezas, \u00e1reas de crecimiento y nivel de preparaci\u00f3n para la plantaci\u00f3n de iglesias.\n\n\t\t\t\t<img loading=\"lazy\" decoding=\"async\" src=\"https:\/\/sendnetworkespanol.com\/wp-content\/uploads\/2024\/12\/2407_SN_Mobilization_Planter-Pathway_C_Square.png\" alt=\"2407_SN_Mobilization_Planter Pathway_C_Square\" itemprop=\"image\" height=\"1270\" width=\"1270\" title=\"2407_SN_Mobilization_Planter Pathway_C_Square\" onerror=\"this.style.display='none'\"  \/>\n\n<p>El cuidado es parte central de nuestra familia Send Network, porque no deber\u00edas asumir solo el arduo trabajo de plantar una iglesia.<\/p>\nCuando plantas con Send Network, tienes un equipo detr\u00e1s de ti enfocado en tu salud espiritual y emocional. Estamos aqu\u00ed para conectarte con otras parejas plantadoras, animarte mientras realizas el desafiante trabajo de la plantaci\u00f3n de iglesias, responder a necesidades especiales que puedan surgir y mostrarte constantemente el aprecio de nuestra familia de iglesias por ti y tu ministerio.\n\n\t\t\t\t<img loading=\"lazy\" decoding=\"async\" src=\"https:\/\/sendnetworkespanol.com\/wp-content\/uploads\/2024\/12\/Q9A0675-1024x683.jpg\" alt=\"NAMB, Send Network, DC, 2023\" itemprop=\"image\" height=\"683\" width=\"1024\" title=\"NAMB, Send Network, DC, 2023\" onerror=\"this.style.display='none'\"  \/>\n\t\t\t\t<img loading=\"lazy\" decoding=\"async\" src=\"https:\/\/sendnetworkespanol.com\/wp-content\/uploads\/2024\/12\/9E3A0440-1024x683.jpg\" alt=\"9E3A0440\" itemprop=\"image\" height=\"683\" width=\"1024\" title=\"9E3A0440\" onerror=\"this.style.display='none'\"  \/>\n\t\t\t\t<img loading=\"lazy\" decoding=\"async\" src=\"https:\/\/sendnetworkespanol.com\/wp-content\/uploads\/2024\/12\/2407_SN_Mobilization_Planter-Pathway_E_Square.png\" alt=\"2407_SN_Mobilization_Planter Pathway_E_Square\" itemprop=\"image\" height=\"1270\" width=\"1270\" title=\"2407_SN_Mobilization_Planter Pathway_E_Square\" onerror=\"this.style.display='none'\"  \/>\n\n<p>equ\u00edpate, junto con tu equipo, para alcanzar tu comunidad a trav\u00e9s de entrenamiento pr\u00e1ctico y coaching personalizado.<\/p>\nSend Network camina contigo y con tu Iglesia Enviadora para asegurarse de que est\u00e9s equipado para conectar con tu ciudad, hacer disc\u00edpulos y plantar una iglesia. Ya sea que necesites formar un equipo, clarificar la visi\u00f3n, fortalecer tu predicaci\u00f3n, desarrollar alianzas o lanzar una estrategia de evangelismo, contamos con el entrenamiento y los practicantes que te ayudar\u00e1n a lograrlo.  \n\n\t<h1>Convi\u00e9rtete en un Plantador de Iglesias<\/h1>\n<h2>\u00danete a la familia de iglesias de Send Network que trabajan para plantar iglesias para todos en todo lugar.<\/h2>\n<p><a href=\"https:\/\/www.namb.net\/church-planting-interest-form\/\" target=\"_blank\" rel=\"noopener\">COMIENZA HOY<\/a><\/p>\n\n\n","protected":false},"excerpt":{"rendered":"<p>El Proceso del Plantador de Iglesias Como primer Paso de inter\u00e9s en la plantaci\u00f3n de iglesias, &hellip;<\/p>\n<p class=\"read-more\"> <a class=\"\" href=\"https:\/\/sendnetworkespanol.com\/en\/plantacion-de-iglesias\/pace\/\"> <span class=\"screen-reader-text\">PACE<\/span> Read More &raquo;<\/a><\/p>\n","protected":false},"author":53,"featured_media":4043,"parent":18107,"menu_order":0,"comment_status":"closed","ping_status":"closed","template":"","meta":{"content-type":"","_oasis_is_in_workflow":0,"_oasis_original":0,"site-sidebar-layout":"no-sidebar","site-content-layout":"page-builder","ast-site-content-layout":"full-width-container","site-content-style":"unboxed","site-sidebar-style":"unboxed","ast-global-header-display":"","ast-banner-title-visibility":"","ast-main-header-display":"","ast-hfb-above-header-display":"","ast-hfb-below-header-display":"","ast-hfb-mobile-header-display":"","site-post-title":"disabled","ast-breadcrumbs-content":"","ast-featured-img":"disabled","footer-sml-layout":"","theme-transparent-header-meta":"enabled","adv-header-id-meta":"","stick-header-meta":"","header-above-stick-meta":"","header-main-stick-meta":"","header-below-stick-meta":"","astra-migrate-meta-layouts":"set","ast-page-background-enabled":"default","ast-page-background-meta":{"desktop":{"background-color":"","background-image":"","background-repeat":"repeat","background-position":"center center","background-size":"auto","background-attachment":"scroll","background-type":"","background-media":"","overlay-type":"","overlay-color":"","overlay-gradient":""},"tablet":{"background-color":"","background-image":"","background-repeat":"repeat","background-position":"center center","background-size":"auto","background-attachment":"scroll","background-type":"","background-media":"","overlay-type":"","overlay-color":"","overlay-gradient":""},"mobile":{"background-color":"","background-image":"","background-repeat":"repeat","background-position":"center center","background-size":"auto","background-attachment":"scroll","background-type":"","background-media":"","overlay-type":"","overlay-color":"","overlay-gradient":""}},"ast-content-background-meta":{"desktop":{"background-color":"var(--ast-global-color-5)","background-image":"","background-repeat":"repeat","background-position":"center center","background-size":"auto","background-attachment":"scroll","background-type":"","background-media":"","overlay-type":"","overlay-color":"","overlay-gradient":""},"tablet":{"background-color":"var(--ast-global-color-5)","background-image":"","background-repeat":"repeat","background-position":"center center","background-size":"auto","background-attachment":"scroll","background-type":"","background-media":"","overlay-type":"","overlay-color":"","overlay-gradient":""},"mobile":{"background-color":"var(--ast-global-color-5)","background-image":"","background-repeat":"repeat","background-position":"center center","background-size":"auto","background-attachment":"scroll","background-type":"","background-media":"","overlay-type":"","overlay-color":"","overlay-gradient":""}},"footnotes":""},"class_list":["post-27989","page","type-page","status-publish","has-post-thumbnail","hentry"],"acf":[],"yoast_head":"<!-- This site is optimized with the Yoast SEO Premium plugin v24.0 (Yoast SEO v27.2) - https:\/\/yoast.com\/product\/yoast-seo-premium-wordpress\/ -->\n<title>PACE - Send Network<\/title>\n<meta name=\"robots\" content=\"noindex, nofollow\" \/>\n<meta property=\"og:locale\" content=\"en_US\" \/>\n<meta property=\"og:type\" content=\"article\" \/>\n<meta property=\"og:title\" content=\"PACE\" \/>\n<meta property=\"og:description\" content=\"El Proceso del Plantador de Iglesias Como primer Paso de inter\u00e9s en la plantaci\u00f3n de iglesias, &hellip; PACE Read More &raquo;\" \/>\n<meta property=\"og:url\" content=\"https:\/\/sendnetworkespanol.com\/en\/plantacion-de-iglesias\/pace\/\" \/>\n<meta property=\"og:site_name\" content=\"Send Network\" \/>\n<meta property=\"article:publisher\" content=\"https:\/\/www.facebook.com\/SendNetwork\/\" \/>\n<meta property=\"article:modified_time\" content=\"2025-09-08T17:59:27+00:00\" \/>\n<meta property=\"og:image\" content=\"https:\/\/sendnetworkespanol.com\/wp-content\/uploads\/2020\/06\/Mobilize-my-church.jpg\" \/>\n\t<meta property=\"og:image:width\" content=\"840\" \/>\n\t<meta property=\"og:image:height\" content=\"472\" \/>\n\t<meta property=\"og:image:type\" content=\"image\/jpeg\" \/>\n<meta name=\"twitter:card\" content=\"summary_large_image\" \/>\n<meta name=\"twitter:site\" content=\"@sendnetwork\" \/>\n<meta name=\"twitter:label1\" content=\"Est. reading time\" \/>\n\t<meta name=\"twitter:data1\" content=\"4 minutes\" \/>\n<script type=\"application\/ld+json\" class=\"yoast-schema-graph\">{\"@context\":\"https:\/\/schema.org\",\"@graph\":[{\"@type\":\"WebPage\",\"@id\":\"https:\/\/sendnetworkespanol.com\/en\/plantacion-de-iglesias\/pace\/\",\"url\":\"https:\/\/sendnetworkespanol.com\/en\/plantacion-de-iglesias\/pace\/\",\"name\":\"PACE - Send Network\",\"isPartOf\":{\"@id\":\"https:\/\/sendnetworkespanol.com\/#website\"},\"primaryImageOfPage\":{\"@id\":\"https:\/\/sendnetworkespanol.com\/en\/plantacion-de-iglesias\/pace\/#primaryimage\"},\"image\":{\"@id\":\"https:\/\/sendnetworkespanol.com\/en\/plantacion-de-iglesias\/pace\/#primaryimage\"},\"thumbnailUrl\":\"https:\/\/sendnetworkespanol.com\/wp-content\/uploads\/2020\/06\/Mobilize-my-church.jpg\",\"datePublished\":\"2025-05-20T15:38:53+00:00\",\"dateModified\":\"2025-09-08T17:59:27+00:00\",\"breadcrumb\":{\"@id\":\"https:\/\/sendnetworkespanol.com\/en\/plantacion-de-iglesias\/pace\/#breadcrumb\"},\"inLanguage\":\"en-US\",\"potentialAction\":[{\"@type\":\"ReadAction\",\"target\":[\"https:\/\/sendnetworkespanol.com\/en\/plantacion-de-iglesias\/pace\/\"]}]},{\"@type\":\"ImageObject\",\"inLanguage\":\"en-US\",\"@id\":\"https:\/\/sendnetworkespanol.com\/en\/plantacion-de-iglesias\/pace\/#primaryimage\",\"url\":\"https:\/\/sendnetworkespanol.com\/wp-content\/uploads\/2020\/06\/Mobilize-my-church.jpg\",\"contentUrl\":\"https:\/\/sendnetworkespanol.com\/wp-content\/uploads\/2020\/06\/Mobilize-my-church.jpg\",\"width\":840,\"height\":472},{\"@type\":\"BreadcrumbList\",\"@id\":\"https:\/\/sendnetworkespanol.com\/en\/plantacion-de-iglesias\/pace\/#breadcrumb\",\"itemListElement\":[{\"@type\":\"ListItem\",\"position\":1,\"name\":\"Home\",\"item\":\"https:\/\/sendnetworkespanol.com\/en\/es\/\"},{\"@type\":\"ListItem\",\"position\":2,\"name\":\"Plantaci\u00f3n de iglesias\",\"item\":\"https:\/\/sendnetworkespanol.com\/en\/es\/plantacion-de-iglesias\/\"},{\"@type\":\"ListItem\",\"position\":3,\"name\":\"PACE\"}]},{\"@type\":\"WebSite\",\"@id\":\"https:\/\/sendnetworkespanol.com\/#website\",\"url\":\"https:\/\/sendnetworkespanol.com\/\",\"name\":\"Send Network\",\"description\":\"Church Planting Network\",\"publisher\":{\"@id\":\"https:\/\/sendnetworkespanol.com\/#organization\"},\"potentialAction\":[{\"@type\":\"SearchAction\",\"target\":{\"@type\":\"EntryPoint\",\"urlTemplate\":\"https:\/\/sendnetworkespanol.com\/?s={search_term_string}\"},\"query-input\":{\"@type\":\"PropertyValueSpecification\",\"valueRequired\":true,\"valueName\":\"search_term_string\"}}],\"inLanguage\":\"en-US\"},{\"@type\":\"Organization\",\"@id\":\"https:\/\/sendnetworkespanol.com\/#organization\",\"name\":\"Send Network\",\"url\":\"https:\/\/sendnetworkespanol.com\/\",\"logo\":{\"@type\":\"ImageObject\",\"inLanguage\":\"en-US\",\"@id\":\"https:\/\/sendnetworkespanol.com\/#\/schema\/logo\/image\/\",\"url\":\"https:\/\/sendnetworkespanol.com\/wp-content\/uploads\/2016\/07\/SN-Logo_Linear_Brandmark-Solid_BlueNavy_RGB.png\",\"contentUrl\":\"https:\/\/sendnetworkespanol.com\/wp-content\/uploads\/2016\/07\/SN-Logo_Linear_Brandmark-Solid_BlueNavy_RGB.png\",\"width\":2560,\"height\":393,\"caption\":\"Send Network\"},\"image\":{\"@id\":\"https:\/\/sendnetworkespanol.com\/#\/schema\/logo\/image\/\"},\"sameAs\":[\"https:\/\/www.facebook.com\/SendNetwork\/\",\"https:\/\/x.com\/sendnetwork\",\"https:\/\/www.instagram.com\/wearesendnetwork\"]}]}<\/script>\n<!-- \/ Yoast SEO Premium plugin. -->","yoast_head_json":{"title":"PACE - Send Network","robots":{"index":"noindex","follow":"nofollow"},"og_locale":"en_US","og_type":"article","og_title":"PACE","og_description":"El Proceso del Plantador de Iglesias Como primer Paso de inter\u00e9s en la plantaci\u00f3n de iglesias, &hellip; PACE Read More &raquo;","og_url":"https:\/\/sendnetworkespanol.com\/en\/plantacion-de-iglesias\/pace\/","og_site_name":"Send Network","article_publisher":"https:\/\/www.facebook.com\/SendNetwork\/","article_modified_time":"2025-09-08T17:59:27+00:00","og_image":[{"width":840,"height":472,"url":"https:\/\/sendnetworkespanol.com\/wp-content\/uploads\/2020\/06\/Mobilize-my-church.jpg","type":"image\/jpeg"}],"twitter_card":"summary_large_image","twitter_site":"@sendnetwork","twitter_misc":{"Est. reading time":"4 minutes"},"schema":{"@context":"https:\/\/schema.org","@graph":[{"@type":"WebPage","@id":"https:\/\/sendnetworkespanol.com\/en\/plantacion-de-iglesias\/pace\/","url":"https:\/\/sendnetworkespanol.com\/en\/plantacion-de-iglesias\/pace\/","name":"PACE - Send Network","isPartOf":{"@id":"https:\/\/sendnetworkespanol.com\/#website"},"primaryImageOfPage":{"@id":"https:\/\/sendnetworkespanol.com\/en\/plantacion-de-iglesias\/pace\/#primaryimage"},"image":{"@id":"https:\/\/sendnetworkespanol.com\/en\/plantacion-de-iglesias\/pace\/#primaryimage"},"thumbnailUrl":"https:\/\/sendnetworkespanol.com\/wp-content\/uploads\/2020\/06\/Mobilize-my-church.jpg","datePublished":"2025-05-20T15:38:53+00:00","dateModified":"2025-09-08T17:59:27+00:00","breadcrumb":{"@id":"https:\/\/sendnetworkespanol.com\/en\/plantacion-de-iglesias\/pace\/#breadcrumb"},"inLanguage":"en-US","potentialAction":[{"@type":"ReadAction","target":["https:\/\/sendnetworkespanol.com\/en\/plantacion-de-iglesias\/pace\/"]}]},{"@type":"ImageObject","inLanguage":"en-US","@id":"https:\/\/sendnetworkespanol.com\/en\/plantacion-de-iglesias\/pace\/#primaryimage","url":"https:\/\/sendnetworkespanol.com\/wp-content\/uploads\/2020\/06\/Mobilize-my-church.jpg","contentUrl":"https:\/\/sendnetworkespanol.com\/wp-content\/uploads\/2020\/06\/Mobilize-my-church.jpg","width":840,"height":472},{"@type":"BreadcrumbList","@id":"https:\/\/sendnetworkespanol.com\/en\/plantacion-de-iglesias\/pace\/#breadcrumb","itemListElement":[{"@type":"ListItem","position":1,"name":"Home","item":"https:\/\/sendnetworkespanol.com\/en\/es\/"},{"@type":"ListItem","position":2,"name":"Plantaci\u00f3n de iglesias","item":"https:\/\/sendnetworkespanol.com\/en\/es\/plantacion-de-iglesias\/"},{"@type":"ListItem","position":3,"name":"PACE"}]},{"@type":"WebSite","@id":"https:\/\/sendnetworkespanol.com\/#website","url":"https:\/\/sendnetworkespanol.com\/","name":"Send Network","description":"Church Planting Network","publisher":{"@id":"https:\/\/sendnetworkespanol.com\/#organization"},"potentialAction":[{"@type":"SearchAction","target":{"@type":"EntryPoint","urlTemplate":"https:\/\/sendnetworkespanol.com\/?s={search_term_string}"},"query-input":{"@type":"PropertyValueSpecification","valueRequired":true,"valueName":"search_term_string"}}],"inLanguage":"en-US"},{"@type":"Organization","@id":"https:\/\/sendnetworkespanol.com\/#organization","name":"Send Network","url":"https:\/\/sendnetworkespanol.com\/","logo":{"@type":"ImageObject","inLanguage":"en-US","@id":"https:\/\/sendnetworkespanol.com\/#\/schema\/logo\/image\/","url":"https:\/\/sendnetworkespanol.com\/wp-content\/uploads\/2016\/07\/SN-Logo_Linear_Brandmark-Solid_BlueNavy_RGB.png","contentUrl":"https:\/\/sendnetworkespanol.com\/wp-content\/uploads\/2016\/07\/SN-Logo_Linear_Brandmark-Solid_BlueNavy_RGB.png","width":2560,"height":393,"caption":"Send Network"},"image":{"@id":"https:\/\/sendnetworkespanol.com\/#\/schema\/logo\/image\/"},"sameAs":["https:\/\/www.facebook.com\/SendNetwork\/","https:\/\/x.com\/sendnetwork","https:\/\/www.instagram.com\/wearesendnetwork"]}]}},"publishpress_future_action":{"enabled":false,"date":"2026-04-21 01:52:48","action":"change-status","newStatus":"draft","terms":[],"taxonomy":"translation_priority","extraData":[]},"publishpress_future_workflow_manual_trigger":{"enabledWorkflows":[]},"_links":{"self":[{"href":"https:\/\/sendnetworkespanol.com\/en\/wp-json\/wp\/v2\/pages\/27989","targetHints":{"allow":["GET"]}}],"collection":[{"href":"https:\/\/sendnetworkespanol.com\/en\/wp-json\/wp\/v2\/pages"}],"about":[{"href":"https:\/\/sendnetworkespanol.com\/en\/wp-json\/wp\/v2\/types\/page"}],"author":[{"embeddable":true,"href":"https:\/\/sendnetworkespanol.com\/en\/wp-json\/wp\/v2\/users\/53"}],"replies":[{"embeddable":true,"href":"https:\/\/sendnetworkespanol.com\/en\/wp-json\/wp\/v2\/comments?post=27989"}],"version-history":[{"count":0,"href":"https:\/\/sendnetworkespanol.com\/en\/wp-json\/wp\/v2\/pages\/27989\/revisions"}],"up":[{"embeddable":true,"href":"https:\/\/sendnetworkespanol.com\/en\/wp-json\/wp\/v2\/pages\/18107"}],"wp:featuredmedia":[{"embeddable":true,"href":"https:\/\/sendnetworkespanol.com\/en\/wp-json\/wp\/v2\/media\/4043"}],"wp:attachment":[{"href":"https:\/\/sendnetworkespanol.com\/en\/wp-json\/wp\/v2\/media?parent=27989"}],"curies":[{"name":"wp","href":"https:\/\/api.w.org\/{rel}","templated":true}]}}